{"id":272,"date":"2024-03-23T01:36:20","date_gmt":"2024-03-23T04:36:20","guid":{"rendered":"https:\/\/drgibransaid.com.br\/?page_id=272"},"modified":"2025-07-28T20:32:20","modified_gmt":"2025-07-28T23:32:20","slug":"dr-gibran-said","status":"publish","type":"page","link":"https:\/\/drgibransaid.com.br\/index.php\/dr-gibran-said\/","title":{"rendered":"Quem sou eu"},"content":{"rendered":"\t\t<div data-elementor-type=\"wp-page\" data-elementor-id=\"272\" class=\"elementor elementor-272\">\n\t\t\t\t<div class=\"elementor-element elementor-element-af14582 e-con-full e-flex e-con e-parent\" data-id=\"af14582\" data-element_type=\"container\" data-e-type=\"container\" data-settings=\"{&quot;background_background&quot;:&quot;classic&quot;}\">\n\t\t<div class=\"elementor-element elementor-element-71e9c60 e-con-full e-flex e-con e-child\" data-id=\"71e9c60\" data-element_type=\"container\" data-e-type=\"container\" data-settings=\"{&quot;background_background&quot;:&quot;classic&quot;}\">\n\t\t\t\t<div class=\"elementor-element elementor-element-c6a1fe6 elementor-widget__width-inherit elementor-widget elementor-widget-heading\" data-id=\"c6a1fe6\" data-element_type=\"widget\" data-e-type=\"widget\" data-widget_type=\"heading.default\">\n\t\t\t\t<div class=\"elementor-widget-container\">\n\t\t\t\t\t<h2 class=\"elementor-heading-title elementor-size-default\">Quem sou eu<\/h2>\t\t\t\t<\/div>\n\t\t\t\t<\/div>\n\t\t\t\t<\/div>\n\t\t\t\t<\/div>\n\t\t<div class=\"elementor-element elementor-element-e9e201d e-flex e-con-boxed e-con e-parent\" data-id=\"e9e201d\" data-element_type=\"container\" data-e-type=\"container\">\n\t\t\t\t\t<div class=\"e-con-inner\">\n\t\t<div class=\"elementor-element elementor-element-9d98aa8 e-con-full e-flex e-con e-child\" data-id=\"9d98aa8\" data-element_type=\"container\" data-e-type=\"container\">\n\t\t\t\t<div class=\"elementor-element elementor-element-50eb223 elementor-widget elementor-widget-text-editor\" data-id=\"50eb223\" data-element_type=\"widget\" data-e-type=\"widget\" data-widget_type=\"text-editor.default\">\n\t\t\t\t<div class=\"elementor-widget-container\">\n\t\t\t\t\t\t\t\t\t<p>Eu sou m\u00e9dico nefrologista, formado pela Universidade Estadual do Amazonas (UEA), com especializa\u00e7\u00e3o em Nefrologia pelo Hospital Universit\u00e1rio Get\u00falio Vargas (HUGV). Desde o in\u00edcio da minha carreira, sempre tive como prioridade oferecer um atendimento humano, \u00e9tico e individualizado, respeitando a hist\u00f3ria e as necessidades \u00fanicas de cada paciente.\u00a0<\/p><p>Acredito que a medicina deve ser baseada em evid\u00eancias cient\u00edficas s\u00f3lidas, por isso mantenho-me em constante atualiza\u00e7\u00e3o com os avan\u00e7os mais recentes da nefrologia. Essa dedica\u00e7\u00e3o me permite oferecer um cuidado moderno e eficaz no tratamento de condi\u00e7\u00f5es como insufici\u00eancia renal aguda e cr\u00f4nica, hipertens\u00e3o arterial, nefrolit\u00edase (pedra nos rins), infec\u00e7\u00e3o urin\u00e1ria, doen\u00e7a renal polic\u00edstica, dist\u00farbios eletrol\u00edticos, glomerulonefrites, entre outras doen\u00e7as que afetam os rins.<\/p><p>Meu compromisso \u00e9 com a sa\u00fade e bem-estar dos meus pacientes, proporcionando um acompanhamento atento, transparente e acolhedor. Aqui, voc\u00ea ser\u00e1 sempre ouvido e tratado com respeito, em busca das melhores solu\u00e7\u00f5es para sua sa\u00fade renal.<\/p>\t\t\t\t\t\t\t\t<\/div>\n\t\t\t\t<\/div>\n\t\t\t\t<\/div>\n\t\t<div class=\"elementor-element elementor-element-522ed48 e-con-full e-flex e-con e-child\" data-id=\"522ed48\" data-element_type=\"container\" data-e-type=\"container\">\n\t\t\t\t<div class=\"elementor-element elementor-element-39d9b2f elementor-widget elementor-widget-image\" data-id=\"39d9b2f\" data-element_type=\"widget\" data-e-type=\"widget\" data-widget_type=\"image.default\">\n\t\t\t\t<div class=\"elementor-widget-container\">\n\t\t\t\t\t\t\t\t\t\t\t\t\t\t\t<img fetchpriority=\"high\" decoding=\"async\" width=\"683\" height=\"1024\" src=\"https:\/\/drgibransaid.com.br\/wp-content\/uploads\/2025\/06\/PHOTO-2025-06-11-10-42-14-683x1024.jpg\" class=\"attachment-large size-large wp-image-2194\" alt=\"\" srcset=\"https:\/\/drgibransaid.com.br\/wp-content\/uploads\/2025\/06\/PHOTO-2025-06-11-10-42-14-683x1024.jpg 683w, https:\/\/drgibransaid.com.br\/wp-content\/uploads\/2025\/06\/PHOTO-2025-06-11-10-42-14-200x300.jpg 200w, https:\/\/drgibransaid.com.br\/wp-content\/uploads\/2025\/06\/PHOTO-2025-06-11-10-42-14-768x1152.jpg 768w, https:\/\/drgibransaid.com.br\/wp-content\/uploads\/2025\/06\/PHOTO-2025-06-11-10-42-14.jpg 1000w\" sizes=\"(max-width: 683px) 100vw, 683px\" \/>\t\t\t\t\t\t\t\t\t\t\t\t\t\t\t<\/div>\n\t\t\t\t<\/div>\n\t\t\t\t<\/div>\n\t\t\t\t\t<\/div>\n\t\t\t\t<\/div>\n\t\t\t\t<\/div>\n\t\t","protected":false},"excerpt":{"rendered":"<p>Quem sou eu Eu sou m\u00e9dico nefrologista, formado pela Universidade Estadual do Amazonas (UEA), com especializa\u00e7\u00e3o em Nefrologia pelo Hospital [&hellip;]<\/p>\n","protected":false},"author":1,"featured_media":0,"parent":0,"menu_order":0,"comment_status":"closed","ping_status":"closed","template":"","meta":{"site-sidebar-layout":"no-sidebar","site-content-layout":"","ast-site-content-layout":"full-width-container","site-content-style":"default","site-sidebar-style":"default","ast-global-header-display":"","ast-banner-title-visibility":"","ast-main-header-display":"","ast-hfb-above-header-display":"","ast-hfb-below-header-display":"","ast-hfb-mobile-header-display":"","site-post-title":"disabled","ast-breadcrumbs-content":"","ast-featured-img":"disabled","footer-sml-layout":"","theme-transparent-header-meta":"","adv-header-id-meta":"","stick-header-meta":"","header-above-stick-meta":"","header-main-stick-meta":"","header-below-stick-meta":"","astra-migrate-meta-layouts":"default","ast-page-background-enabled":"default","ast-page-background-meta":{"desktop":{"background-color":"var(--ast-global-color-4)","background-image":"","background-repeat":"repeat","background-position":"center center","background-size":"auto","background-attachment":"scroll","background-type":"","background-media":"","overlay-type":"","overlay-color":"","overlay-gradient":""},"tablet":{"background-color":"","background-image":"","background-repeat":"repeat","background-position":"center center","background-size":"auto","background-attachment":"scroll","background-type":"","background-media":"","overlay-type":"","overlay-color":"","overlay-gradient":""},"mobile":{"background-color":"","background-image":"","background-repeat":"repeat","background-position":"center center","background-size":"auto","background-attachment":"scroll","background-type":"","background-media":"","overlay-type":"","overlay-color":"","overlay-gradient":""}},"ast-content-background-meta":{"desktop":{"background-color":"var(--ast-global-color-5)","background-image":"","background-repeat":"repeat","background-position":"center center","background-size":"auto","background-attachment":"scroll","background-type":"","background-media":"","overlay-type":"","overlay-color":"","overlay-gradient":""},"tablet":{"background-color":"var(--ast-global-color-5)","background-image":"","background-repeat":"repeat","background-position":"center center","background-size":"auto","background-attachment":"scroll","background-type":"","background-media":"","overlay-type":"","overlay-color":"","overlay-gradient":""},"mobile":{"background-color":"var(--ast-global-color-5)","background-image":"","background-repeat":"repeat","background-position":"center center","background-size":"auto","background-attachment":"scroll","background-type":"","background-media":"","overlay-type":"","overlay-color":"","overlay-gradient":""}},"_joinchat":[],"footnotes":""},"class_list":["post-272","page","type-page","status-publish","hentry"],"_links":{"self":[{"href":"https:\/\/drgibransaid.com.br\/index.php\/wp-json\/wp\/v2\/pages\/272","targetHints":{"allow":["GET"]}}],"collection":[{"href":"https:\/\/drgibransaid.com.br\/index.php\/wp-json\/wp\/v2\/pages"}],"about":[{"href":"https:\/\/drgibransaid.com.br\/index.php\/wp-json\/wp\/v2\/types\/page"}],"author":[{"embeddable":true,"href":"https:\/\/drgibransaid.com.br\/index.php\/wp-json\/wp\/v2\/users\/1"}],"replies":[{"embeddable":true,"href":"https:\/\/drgibransaid.com.br\/index.php\/wp-json\/wp\/v2\/comments?post=272"}],"version-history":[{"count":125,"href":"https:\/\/drgibransaid.com.br\/index.php\/wp-json\/wp\/v2\/pages\/272\/revisions"}],"predecessor-version":[{"id":2482,"href":"https:\/\/drgibransaid.com.br\/index.php\/wp-json\/wp\/v2\/pages\/272\/revisions\/2482"}],"wp:attachment":[{"href":"https:\/\/drgibransaid.com.br\/index.php\/wp-json\/wp\/v2\/media?parent=272"}],"curies":[{"name":"wp","href":"https:\/\/api.w.org\/{rel}","templated":true}]}}